{"id":261,"date":"2014-02-18T11:25:37","date_gmt":"2014-02-18T10:25:37","guid":{"rendered":"http:\/\/isrp.fr\/?page_id=261"},"modified":"2014-04-26T15:41:49","modified_gmt":"2014-04-26T14:41:49","slug":"isrp-un-cadre-en-environnement-copie-es","status":"publish","type":"page","link":"https:\/\/assistant-medical.isrp.fr\/es\/isrp-un-cadre-en-environnement-copie-es\/","title":{"rendered":"ISRP , UN MARCO, MEDIO AMBIENTE"},"content":{"rendered":"<p>El ISRP , Instituto de Formaci\u00f3n psicomotor ( psychomot ), presente en Par\u00eds y Marsella, forma desde hace m\u00e1s de 40 a\u00f1os , los estudiantes de la profesi\u00f3n de psicomotricidad ( psychomot ) .<\/p>\n<p>El lenguaje corporal : gestos, expresiones faciales , las actitudes, los comportamientos .<\/p>\n<p>Lenguaje arm\u00f3nico y claro cuando la mente , la personalidad fueron capaces de desarrollarse normalmente encuentran su posici\u00f3n de equilibrio.<\/p>\n<p>Lenguaje confuso , desviada o bloqueado , cuando la mente y la personalidad sufren de diversos problemas : la insuficiencia, malestar , inhibiciones &#8230;<\/p>\n<p>S\u00ed , mejor que las palabras , el cuerpo puede expresar una profunda tensi\u00f3n interna .<\/p>\n<p>Este es el idioma que el psicomotor ( psychomot ) busca la liberaci\u00f3n durante la terapia psicomotora sesiones de rehabilitaci\u00f3n que utiliza todas las t\u00e9cnicas de expresi\u00f3n, el lenguaje corporal, musicoterapia talleres de mimo graphomotricity y el dibujo , la relajaci\u00f3n &#8230;<\/p>\n<p>Psicomotor ( psychomot ) es entonces el mediador que ayuda a otro para encontrar las llaves de su cuerpo , que son los del desarrollo de su personalidad y su equilibrio.<\/p>\n<p>Autorizaci\u00f3n expedida por la regi\u00f3n :<\/p>\n<p><a href=\"http:\/\/isrp.fr\/wp-content\/uploads\/2014\/02\/120_logoiledefrancecopie.jpg\"><img loading=\"lazy\" class=\"alignnone  wp-image-1034\" alt=\"120_logoiledefrancecopie\" src=\"http:\/\/isrp.fr\/wp-content\/uploads\/2014\/02\/120_logoiledefrancecopie.jpg\" width=\"245\" height=\"74\" srcset=\"https:\/\/assistant-medical.isrp.fr\/wp-content\/uploads\/2014\/02\/120_logoiledefrancecopie.jpg 2362w, https:\/\/assistant-medical.isrp.fr\/wp-content\/uploads\/2014\/02\/120_logoiledefrancecopie-280x84.jpg 280w, https:\/\/assistant-medical.isrp.fr\/wp-content\/uploads\/2014\/02\/120_logoiledefrancecopie-1024x307.jpg 1024w\" sizes=\"(max-width: 245px) 100vw, 245px\" \/><\/a> <a href=\"http:\/\/isrp.fr\/wp-content\/uploads\/2014\/02\/PACA1.png\"><img loading=\"lazy\" class=\"alignnone  wp-image-664\" alt=\"PACA1\" src=\"http:\/\/isrp.fr\/wp-content\/uploads\/2014\/02\/PACA1.png\" width=\"153\" height=\"76\" srcset=\"https:\/\/assistant-medical.isrp.fr\/wp-content\/uploads\/2014\/02\/PACA1.png 709w, https:\/\/assistant-medical.isrp.fr\/wp-content\/uploads\/2014\/02\/PACA1-280x138.png 280w\" sizes=\"(max-width: 153px) 100vw, 153px\" \/><\/a><\/p>\n<p>Formaci\u00f3n que da acceso a los estudiantes de las ayudas individuales regional : becas y subsidio de educaci\u00f3n regional , los fondos sociales regionales.<\/p>\n","protected":false},"excerpt":{"rendered":"<p>El ISRP , Instituto de Formaci\u00f3n psicomotor ( psychomot ), presente en Par\u00eds y Marsella, forma desde hace m\u00e1s de 40 a\u00f1os , los estudiantes de la profesi\u00f3n de psicomotricidad ( psychomot ) . El lenguaje corporal : gestos, expresiones faciales , las actitudes, los comportamientos . Lenguaje arm\u00f3nico y claro cuando la mente , [&hellip;]<\/p>\n","protected":false},"author":1,"featured_media":0,"parent":0,"menu_order":0,"comment_status":"closed","ping_status":"open","template":"","meta":[],"_links":{"self":[{"href":"https:\/\/assistant-medical.isrp.fr\/es\/wp-json\/wp\/v2\/pages\/261\/"}],"collection":[{"href":"https:\/\/assistant-medical.isrp.fr\/es\/wp-json\/wp\/v2\/pages\/"}],"about":[{"href":"https:\/\/assistant-medical.isrp.fr\/es\/wp-json\/wp\/v2\/types\/page\/"}],"author":[{"embeddable":true,"href":"https:\/\/assistant-medical.isrp.fr\/es\/wp-json\/wp\/v2\/users\/1\/"}],"replies":[{"embeddable":true,"href":"https:\/\/assistant-medical.isrp.fr\/es\/wp-json\/wp\/v2\/comments\/?post=261"}],"version-history":[{"count":7,"href":"https:\/\/assistant-medical.isrp.fr\/es\/wp-json\/wp\/v2\/pages\/261\/revisions\/"}],"predecessor-version":[{"id":1280,"href":"https:\/\/assistant-medical.isrp.fr\/es\/wp-json\/wp\/v2\/pages\/261\/revisions\/1280\/"}],"wp:attachment":[{"href":"https:\/\/assistant-medical.isrp.fr\/es\/wp-json\/wp\/v2\/media\/?parent=261"}],"curies":[{"name":"wp","href":"https:\/\/api.w.org\/{rel}","templated":true}]}}