{"id":387,"date":"2014-04-15T15:30:55","date_gmt":"2014-04-15T14:30:55","guid":{"rendered":"http:\/\/isrp.fr\/?page_id=387"},"modified":"2014-04-15T15:37:51","modified_gmt":"2014-04-15T14:37:51","slug":"une-ecole-dexception-es","status":"publish","type":"page","link":"https:\/\/assistant-medical.isrp.fr\/es\/isrp-un-cadre-en-environnement-copie-es\/une-ecole-dexception-es\/","title":{"rendered":"Una escuela de excepci\u00f3n"},"content":{"rendered":"<h2>ESCUELA DE\u00a0EXCEPCION<br \/>\nLA M\u00c1S RECOGIDAS Y M\u00c1S EFICAZ<\/h2>\n<p>Los porcentajes de \u00e9xito son mucho m\u00e1s altos que el promedio nacional<br \/>\n( 100 % de \u00e9xito en las tres \u00faltimas sesiones del diploma de Estado ) .<\/p>\n<h2>\u00a0La m\u00e1s reconocidas<\/h2>\n<p>La creaci\u00f3n del diploma de Estado (Decreto 74.112 del 02\/15\/1974 ) es el cr\u00e9dito de la ISRP .<br \/>\nSe trata del curso ISRP impartido por el Departamento de Salud ha incorporado los programas oficiales. Desde entonces, el ISRP siempre actualizados !<br \/>\nEscuela param\u00e9dica independiente S\u00f3lo autorizado Erasmus &#8211; S\u00f3crates (formaci\u00f3n parcial en el extranjero. Estudiantes extranjeros Bienvenida ) .<\/p>\n<h2>LA M\u00c1S AMISTOSOS<\/h2>\n<ul>\n<li>Por la Oficina de Estudiantes (BDE ), dirigido por estudiantes que fortalece un ambiente escolar y pone de relieve los v\u00ednculos entre &#8220;el cuerpo y la mente. &#8220;<\/li>\n<\/ul>\n<ul>\n<li>Por la Asociaci\u00f3n de Antiguos Alumnos que:<\/li>\n<\/ul>\n<p style=\"padding-left: 60px;\">&#8211; El patrocinio de los nuevos graduados<\/p>\n<p style=\"padding-left: 60px;\">&#8211; Organiza actividades para promover la profesi\u00f3n<\/p>\n<p style=\"padding-left: 60px;\">&#8211; Distribuye boletines y directorios entre los graduados<\/p>\n","protected":false},"excerpt":{"rendered":"<p>ESCUELA DE\u00a0EXCEPCION LA M\u00c1S RECOGIDAS Y M\u00c1S EFICAZ Los porcentajes de \u00e9xito son mucho m\u00e1s altos que el promedio nacional ( 100 % de \u00e9xito en las tres \u00faltimas sesiones del diploma de Estado ) . \u00a0La m\u00e1s reconocidas La creaci\u00f3n del diploma de Estado (Decreto 74.112 del 02\/15\/1974 ) es el cr\u00e9dito de la [&hellip;]<\/p>\n","protected":false},"author":1,"featured_media":0,"parent":261,"menu_order":0,"comment_status":"closed","ping_status":"closed","template":"","meta":[],"_links":{"self":[{"href":"https:\/\/assistant-medical.isrp.fr\/es\/wp-json\/wp\/v2\/pages\/387\/"}],"collection":[{"href":"https:\/\/assistant-medical.isrp.fr\/es\/wp-json\/wp\/v2\/pages\/"}],"about":[{"href":"https:\/\/assistant-medical.isrp.fr\/es\/wp-json\/wp\/v2\/types\/page\/"}],"author":[{"embeddable":true,"href":"https:\/\/assistant-medical.isrp.fr\/es\/wp-json\/wp\/v2\/users\/1\/"}],"replies":[{"embeddable":true,"href":"https:\/\/assistant-medical.isrp.fr\/es\/wp-json\/wp\/v2\/comments\/?post=387"}],"version-history":[{"count":3,"href":"https:\/\/assistant-medical.isrp.fr\/es\/wp-json\/wp\/v2\/pages\/387\/revisions\/"}],"predecessor-version":[{"id":869,"href":"https:\/\/assistant-medical.isrp.fr\/es\/wp-json\/wp\/v2\/pages\/387\/revisions\/869\/"}],"up":[{"embeddable":true,"href":"https:\/\/assistant-medical.isrp.fr\/es\/wp-json\/wp\/v2\/pages\/261\/"}],"wp:attachment":[{"href":"https:\/\/assistant-medical.isrp.fr\/es\/wp-json\/wp\/v2\/media\/?parent=387"}],"curies":[{"name":"wp","href":"https:\/\/api.w.org\/{rel}","templated":true}]}}